{"id":65,"date":"2019-04-15T15:50:10","date_gmt":"2019-04-15T13:50:10","guid":{"rendered":"http:\/\/bdv-rheinland-pfalz.de\/?page_id=65"},"modified":"2022-09-29T23:21:43","modified_gmt":"2022-09-29T21:21:43","slug":"tag-der-heimat-2019","status":"publish","type":"page","link":"http:\/\/bdv-rheinland-pfalz.de\/","title":{"rendered":"BdV Rheinland-Pfalz w\u00e4hlt 2022 neuen Vorstand"},"content":{"rendered":"\n<h2><\/h2>\n\n\n\n<figure class=\"wp-block-image size-large\"><img loading=\"lazy\" width=\"2000\" height=\"1250\" src=\"http:\/\/bdv-rheinland-pfalz.de\/wp-content\/uploads\/2022\/09\/IMG-20220918-WA0004-edited.jpg\" alt=\"\" class=\"wp-image-214\" srcset=\"http:\/\/bdv-rheinland-pfalz.de\/wp-content\/uploads\/2022\/09\/IMG-20220918-WA0004-edited.jpg 2000w, http:\/\/bdv-rheinland-pfalz.de\/wp-content\/uploads\/2022\/09\/IMG-20220918-WA0004-edited-300x188.jpg 300w, http:\/\/bdv-rheinland-pfalz.de\/wp-content\/uploads\/2022\/09\/IMG-20220918-WA0004-edited-1024x640.jpg 1024w, http:\/\/bdv-rheinland-pfalz.de\/wp-content\/uploads\/2022\/09\/IMG-20220918-WA0004-edited-768x480.jpg 768w, http:\/\/bdv-rheinland-pfalz.de\/wp-content\/uploads\/2022\/09\/IMG-20220918-WA0004-edited-1536x960.jpg 1536w\" sizes=\"(max-width: 2000px) 100vw, 2000px\" \/><\/figure>\n\n\n\n<p>Foto: Der neue Landesvorstand des BdV (v.l.n.r. Dr. Andreas Borm, Georg Schmalz, Gabriele M\u00fcller, Nikolaus Poppitz, Katharina Eicher-M\u00fcller, Landesvorsitzender Tobias Meyer, Valentina Dederer)<\/p>\n\n\n\n<p>Im Rahmen einer Landesmitgliederversammlung hat der Landesverband des Bundes der Vertriebenen in Rheinland-Pfalz einen neuen Landesvorstand gew\u00e4hlt. Die Vertreter des Verbands waren nach coronabedingter Zwangspause in Kaiserslautern zusammen gekommen.<\/p>\n\n\n\n<p>Neben dem R\u00fcckblick auf die Projekte der vergangenen Monate berichtete der bisherige Vorstand auch \u00fcber die geplanten Veranstaltungen der Zukunft: Einen Schwerpunkt bildet dabei zum Einen die Kulturarbeit des Verbands, zum Anderen die Umsetzung der langj\u00e4hrigen Grundforderungen des Verbands: Der Verband fordert eine institutionelle F\u00f6rderung, wie sie der BdV auch in s\u00e4mtlichen anderen Bundesl\u00e4ndern erh\u00e4lt, die Einrichtung eines landesweiten Beauftragten f\u00fcr Sp\u00e4taussiedler und Heimatvertriebene sowie eine st\u00e4rkere Verankerung der Vertriebenen- und Sp\u00e4taussiedlerproblematik in den Lehrpl\u00e4nen der Bundeslandes. Insofern komme auch zuk\u00fcnftig der Lobbyarbeit in Mainz eine wichtige Bedeutung zu.<\/p>\n\n\n\n<p><\/p>\n\n\n\n<p><\/p>\n\n\n\n<figure class=\"wp-block-image\"><img loading=\"lazy\" width=\"1024\" height=\"674\" src=\"http:\/\/bdv-rheinland-pfalz.de\/wp-content\/uploads\/2020\/09\/tobias-meyer-bdv-1024x674.jpg\" alt=\"\" class=\"wp-image-180\" srcset=\"http:\/\/bdv-rheinland-pfalz.de\/wp-content\/uploads\/2020\/09\/tobias-meyer-bdv-1024x674.jpg 1024w, http:\/\/bdv-rheinland-pfalz.de\/wp-content\/uploads\/2020\/09\/tobias-meyer-bdv-300x197.jpg 300w, http:\/\/bdv-rheinland-pfalz.de\/wp-content\/uploads\/2020\/09\/tobias-meyer-bdv-768x505.jpg 768w, http:\/\/bdv-rheinland-pfalz.de\/wp-content\/uploads\/2020\/09\/tobias-meyer-bdv-1200x789.jpg 1200w, http:\/\/bdv-rheinland-pfalz.de\/wp-content\/uploads\/2020\/09\/tobias-meyer-bdv.jpg 1324w\" sizes=\"(max-width: 1024px) 100vw, 1024px\" \/><\/figure>\n\n\n\n<p>Der bisherige Landesvorsitzende Tobias Meyer (Ha\u00dfloch, Donaudeutsche Landsmannschaft\/ Deutsche aus Ungarn) wurde einstimmig im Amt best\u00e4tigt. Ihm wurden als stellvertretende Landesvorsitzende Valentina Dederer (Kaiserslautern, Landsmannschaft der Deutschen aus Russland (LMDR)) und Nikolaus Poppitz (Mainz) zur Seite gestellt. Als Schatzmeister wurde Georg Schmalz (Landau, LMDR) gew\u00e4hlt, Dr. Andreas Borm (Edenkoben, Landsmannschaft Ostpreu\u00dfen) f\u00fcllt das Amt des Schriftf\u00fchrers aus. Zu Beisitzern w\u00e4hlte die Versammlung Katharina Eicher-M\u00fcller (Ludwigshafen, Donaudeutsche Landsmannschaft\/Deutsche aus Ungarn), Nikolai Karheiding (Gustavsburg, Deutschbalten), Gabriele M\u00fcller (Mainz, Sudetendeutsche Landsmannschaft), Konrad Neitzel (Bad Kreuznach, Landsmannschaft Pommern) und Dennis Schmidt (Ludwigshafen, Donaudeutsche Landsmannschaft\/Banater Schwaben).<\/p>\n\n\n\n<p><br><\/p>\n","protected":false},"excerpt":{"rendered":"<p>Foto: Der neue Landesvorstand des BdV (v.l.n.r. Dr. Andreas Borm, Georg Schmalz, Gabriele M\u00fcller, Nikolaus Poppitz, Katharina Eicher-M\u00fcller, Landesvorsitzender Tobias Meyer, Valentina Dederer) Im Rahmen einer Landesmitgliederversammlung hat der Landesverband des Bundes der Vertriebenen in Rheinland-Pfalz einen neuen Landesvorstand gew\u00e4hlt. Die Vertreter des Verbands waren nach coronabedingter Zwangspause in Kaiserslautern zusammen gekommen. Neben dem R\u00fcckblick &hellip; <a href=\"http:\/\/bdv-rheinland-pfalz.de\/\">Weiterlesen <span class=\"meta-nav\">&rarr;<\/span><\/a><\/p>\n","protected":false},"author":1,"featured_media":0,"parent":0,"menu_order":0,"comment_status":"closed","ping_status":"closed","template":"","meta":[],"_links":{"self":[{"href":"http:\/\/bdv-rheinland-pfalz.de\/index.php?rest_route=\/wp\/v2\/pages\/65"}],"collection":[{"href":"http:\/\/bdv-rheinland-pfalz.de\/index.php?rest_route=\/wp\/v2\/pages"}],"about":[{"href":"http:\/\/bdv-rheinland-pfalz.de\/index.php?rest_route=\/wp\/v2\/types\/page"}],"author":[{"embeddable":true,"href":"http:\/\/bdv-rheinland-pfalz.de\/index.php?rest_route=\/wp\/v2\/users\/1"}],"replies":[{"embeddable":true,"href":"http:\/\/bdv-rheinland-pfalz.de\/index.php?rest_route=%2Fwp%2Fv2%2Fcomments&post=65"}],"version-history":[{"count":11,"href":"http:\/\/bdv-rheinland-pfalz.de\/index.php?rest_route=\/wp\/v2\/pages\/65\/revisions"}],"predecessor-version":[{"id":215,"href":"http:\/\/bdv-rheinland-pfalz.de\/index.php?rest_route=\/wp\/v2\/pages\/65\/revisions\/215"}],"wp:attachment":[{"href":"http:\/\/bdv-rheinland-pfalz.de\/index.php?rest_route=%2Fwp%2Fv2%2Fmedia&parent=65"}],"curies":[{"name":"wp","href":"https:\/\/api.w.org\/{rel}","templated":true}]}}