{"id":8,"date":"2019-04-12T18:28:48","date_gmt":"2019-04-12T16:28:48","guid":{"rendered":"http:\/\/bdv-rheinland-pfalz.de\/?page_id=8"},"modified":"2019-04-15T15:34:24","modified_gmt":"2019-04-15T13:34:24","slug":"ueber-mich","status":"publish","type":"page","link":"http:\/\/bdv-rheinland-pfalz.de\/?page_id=8","title":{"rendered":"\u00dcber uns"},"content":{"rendered":"<div class=\"csc-header csc-header-n1\">\n<h1 class=\"csc-firstHeader\">Charta der deutschen Heimatvertriebenen<\/h1>\n<\/div>\n<p><!--  Header: [end] --> <!--  Image block: [begin] --><\/p>\n<div class=\"csc-textpic csc-textpic-center csc-textpic-below\">\n<div class=\"csc-textpic-text\"><!--  Text: [begin] --><\/p>\n<p class=\"bodytext\">Im Bewu\u00dftsein ihrer Verantwortung vor Gott und den Menschen, im Bewu\u00dftsein ihrer Zugeh\u00f6rigkeit zum christlich-abendl\u00e4ndischen Kulturkreis, im Bewu\u00dftsein ihres deutschen Volkstums und in der Erkenntnis der gemeinsamen Aufgabe aller europ\u00e4ischen V\u00f6lker, haben die erw\u00e4hlten Vertreter von Millionen Heimatvertriebenen nach reiflicher \u00dcberlegung und nach Pr\u00fcfung ihres Gewissens beschlossen, dem deutschen Volk und der Welt\u00f6ffentlichkeit gegen\u00fcber eine feierliche Erkl\u00e4rung abzugeben, die die Pflichten und Rechte festlegt, welche die deutschen Heimatvertriebenen als ihr Grundgesetz und als unumg\u00e4ngliche Voraussetzung f\u00fcr die Herbeif\u00fchrung eines freien und geeinten Europas ansehen.<\/p>\n<p class=\"bodytext\">\n<i><b>1. <\/b>Wir Heimatvertriebenen verzichten auf Rache und Vergeltung. Dieser Entschlu\u00df ist uns ernst und heilig im Gedenken an das unendliche Leid, welches im besonderen das letzte Jahrzehnt \u00fcber die Menschheit gebracht hat.<\/i><\/p>\n<p class=\"bodytext\">\n<i><b>2. <\/b>Wir werden jedes Beginnen mit allen Kr\u00e4ften unterst\u00fctzen, das auf die Schaffung eines geeinten Europas gerichtet ist, in dem die V\u00f6lker ohne Furcht und Zwang leben k\u00f6nnen.<\/i><\/p>\n<p class=\"bodytext\">\n<p class=\"bodytext\"><i><b>3. <\/b>Wir werden durch harte, unerm\u00fcdliche Arbeit teilnehmen am Wiederaufbau Deutschlands und Europas.<\/i><\/p>\n<p class=\"bodytext\">\nWir haben unsere Heimat verloren. Heimatlose sind Fremdlinge auf dieser Erde. Gott hat die Menschen in ihre Heimat hineingestellt. Den Menschen mit Zwang von seiner Heimat trennen, bedeutet, ihn im Geiste t\u00f6ten.<\/p>\n<p>Wir haben dieses Schicksal erlitten und erlebt. Daher f\u00fchlen wir uns berufen zu verlangen, da\u00df das Recht auf die Heimat als eines der von Gott geschenkten Grundrechte der Menschheit anerkannt und verwirklicht wird.<\/p>\n<p>So lange dieses Recht f\u00fcr uns nicht verwirklicht ist, wollen wir aber nicht zur Unt\u00e4tigkeit verurteilt beiseite stehen, sondern in neuen, gel\u00e4uterten Formen verst\u00e4ndnisvollen und br\u00fcderlichen Zusammenlebens mit allen Gliedern unseres Volkes schaffen und wirken.<\/p>\n<p>Darum fordern und verlangen wir heute wie gestern:<\/p>\n<p class=\"bodytext\">\n<i><b>1. <\/b>Gleiches Recht als Staatsb\u00fcrger nicht nur vor dem Gesetz, sondern auch in der Wirklichkeit des Alltags.<\/i><br \/>\n<i><b><\/b><\/i><\/p>\n<p class=\"bodytext\">\n<p class=\"bodytext\"><i><b>2. <\/b>Gerechte und sinnvolle Verteilung der Lasten des letzten Krieges auf das ganze deutsche Volk und eine ehrliche Durchf\u00fchrung dieses Grundsatzes.<\/i><br \/>\n<i><b><\/b><\/i><\/p>\n<p class=\"bodytext\">\n<p class=\"bodytext\"><i><b>3. <\/b>Sinnvollen Einbau aller Berufsgruppen der Heimatvertriebenen in das Leben des deutschen Volkes.<\/i><br \/>\n<i><b><\/b><\/i><\/p>\n<p class=\"bodytext\">\n<p class=\"bodytext\"><i><b>4. <\/b>T\u00e4tige Einschaltung der deutschen Heimatvertriebenen in den Wiederaufbau Europas.<\/i><\/p>\n<p class=\"bodytext\">\nDie V\u00f6lker der Welt sollen ihre Mitverantwortung am Schicksal der Heimatvertriebenen als der vom Leid dieser Zeit am schwersten Betroffenen empfinden.<\/p>\n<p>Die V\u00f6lker sollen handeln, wie es ihren christlichen Pflichten und ihrem Gewissen entspricht.<\/p>\n<p>Die V\u00f6lker m\u00fcssen erkennen, da\u00df das Schicksal der deutschen Heimatvertriebenen wie aller Fl\u00fcchtlinge, ein Weltproblem ist, dessen L\u00f6sung h\u00f6chste sittliche Verantwortung und Verpflichtung zu gewaltiger Leistung fordert.<\/p>\n<p>Wir rufen V\u00f6lker und Menschen auf, die guten Willens sind, Hand anzulegen ans Werk, damit aus Schuld, Ungl\u00fcck, Leid, Armut und Elend f\u00fcr uns alle der Weg in eine bessere Zukunft gefunden wird.<\/p>\n<p>Stuttgart, den 5. August 1950<\/p>\n<\/div>\n<\/div>\n","protected":false},"excerpt":{"rendered":"<p>Charta der deutschen Heimatvertriebenen Im Bewu\u00dftsein ihrer Verantwortung vor Gott und den Menschen, im Bewu\u00dftsein ihrer Zugeh\u00f6rigkeit zum christlich-abendl\u00e4ndischen Kulturkreis, im Bewu\u00dftsein ihres deutschen Volkstums und in der Erkenntnis der gemeinsamen Aufgabe aller europ\u00e4ischen V\u00f6lker, haben die erw\u00e4hlten Vertreter von Millionen Heimatvertriebenen nach reiflicher \u00dcberlegung und nach Pr\u00fcfung ihres Gewissens beschlossen, dem deutschen Volk und &hellip; <a href=\"http:\/\/bdv-rheinland-pfalz.de\/?page_id=8\">Weiterlesen <span class=\"meta-nav\">&rarr;<\/span><\/a><\/p>\n","protected":false},"author":1,"featured_media":0,"parent":0,"menu_order":0,"comment_status":"closed","ping_status":"closed","template":"","meta":[],"_links":{"self":[{"href":"http:\/\/bdv-rheinland-pfalz.de\/index.php?rest_route=\/wp\/v2\/pages\/8"}],"collection":[{"href":"http:\/\/bdv-rheinland-pfalz.de\/index.php?rest_route=\/wp\/v2\/pages"}],"about":[{"href":"http:\/\/bdv-rheinland-pfalz.de\/index.php?rest_route=\/wp\/v2\/types\/page"}],"author":[{"embeddable":true,"href":"http:\/\/bdv-rheinland-pfalz.de\/index.php?rest_route=\/wp\/v2\/users\/1"}],"replies":[{"embeddable":true,"href":"http:\/\/bdv-rheinland-pfalz.de\/index.php?rest_route=%2Fwp%2Fv2%2Fcomments&post=8"}],"version-history":[{"count":3,"href":"http:\/\/bdv-rheinland-pfalz.de\/index.php?rest_route=\/wp\/v2\/pages\/8\/revisions"}],"predecessor-version":[{"id":57,"href":"http:\/\/bdv-rheinland-pfalz.de\/index.php?rest_route=\/wp\/v2\/pages\/8\/revisions\/57"}],"wp:attachment":[{"href":"http:\/\/bdv-rheinland-pfalz.de\/index.php?rest_route=%2Fwp%2Fv2%2Fmedia&parent=8"}],"curies":[{"name":"wp","href":"https:\/\/api.w.org\/{rel}","templated":true}]}}